{"id":22833,"date":"2023-08-08T07:39:24","date_gmt":"2023-08-08T07:39:24","guid":{"rendered":"https:\/\/jesenkahadzajlija.com\/?page_id=22833"},"modified":"2023-08-23T16:22:58","modified_gmt":"2023-08-23T14:22:58","slug":"knjiga","status":"publish","type":"page","link":"https:\/\/jesenkahadzajlija.com\/?page_id=22833","title":{"rendered":"Knjiga"},"content":{"rendered":"\t\t<div data-elementor-type=\"wp-page\" data-elementor-id=\"22833\" class=\"elementor elementor-22833\">\n\t\t\t\t\t\t<section class=\"elementor-section elementor-top-section elementor-element elementor-element-b250c55 elementor-section-full_width elementor-section-content-middle qode_elementor_container_inner elementor-section-height-default elementor-section-height-default parallax_section_no qode-content-aligment-left\" data-id=\"b250c55\" data-element_type=\"section\" data-e-type=\"section\">\n\t\t\t\t\t\t<div class=\"elementor-container elementor-column-gap-wider\">\n\t\t\t\t\t<div class=\"elementor-column elementor-col-50 elementor-top-column elementor-element elementor-element-d6b1d39\" data-id=\"d6b1d39\" data-element_type=\"column\" data-e-type=\"column\">\n\t\t\t<div class=\"elementor-widget-wrap elementor-element-populated\">\n\t\t\t\t\t\t<div class=\"elementor-element elementor-element-6f2ba2f elementor-widget elementor-widget-image\" data-id=\"6f2ba2f\" data-element_type=\"widget\" data-e-type=\"widget\" data-widget_type=\"image.default\">\n\t\t\t\t<div class=\"elementor-widget-container\">\n\t\t\t\t\t\t\t\t\t\t\t\t\t\t\t<img fetchpriority=\"high\" decoding=\"async\" width=\"1709\" height=\"750\" src=\"https:\/\/jesenkahadzajlija.com\/wp-content\/uploads\/2023\/08\/Knjiga_1.png\" class=\"attachment-full size-full wp-image-22835\" alt=\"\" \/>\t\t\t\t\t\t\t\t\t\t\t\t\t\t\t<\/div>\n\t\t\t\t<\/div>\n\t\t\t\t<div class=\"elementor-element elementor-element-7d6792e elementor-widget elementor-widget-image\" data-id=\"7d6792e\" data-element_type=\"widget\" data-e-type=\"widget\" data-widget_type=\"image.default\">\n\t\t\t\t<div class=\"elementor-widget-container\">\n\t\t\t\t\t\t\t\t\t\t\t\t\t\t\t<img decoding=\"async\" width=\"1709\" height=\"750\" src=\"https:\/\/jesenkahadzajlija.com\/wp-content\/uploads\/2023\/08\/Knjiga_2.png\" class=\"attachment-full size-full wp-image-22836\" alt=\"\" \/>\t\t\t\t\t\t\t\t\t\t\t\t\t\t\t<\/div>\n\t\t\t\t<\/div>\n\t\t\t\t<div class=\"elementor-element elementor-element-e2bbe76 elementor-widget elementor-widget-image\" data-id=\"e2bbe76\" data-element_type=\"widget\" data-e-type=\"widget\" data-widget_type=\"image.default\">\n\t\t\t\t<div class=\"elementor-widget-container\">\n\t\t\t\t\t\t\t\t\t\t\t\t\t\t\t<img decoding=\"async\" width=\"1709\" height=\"750\" src=\"https:\/\/jesenkahadzajlija.com\/wp-content\/uploads\/2023\/08\/Knjiga_3.png\" class=\"attachment-full size-full wp-image-22837\" alt=\"\" \/>\t\t\t\t\t\t\t\t\t\t\t\t\t\t\t<\/div>\n\t\t\t\t<\/div>\n\t\t\t\t<div class=\"elementor-element elementor-element-f19f050 elementor-widget__width-auto .splite-showpoup elementor-widget elementor-widget-qbutton\" data-id=\"f19f050\" data-element_type=\"widget\" data-e-type=\"widget\" id=\".splite-showpoup\" data-widget_type=\"qbutton.default\">\n\t\t\t\t<div class=\"elementor-widget-container\">\n\t\t\t\t\t<a href=\"javascript:splite_loader();\" target=\"_self\" data-hover-background-color='#54595F' data-hover-border-color='#54595F' data-hover-color='#FFFFFF' class=\"qbutton  large move_icon splite-showpoup qbutton_with_icon\" style=\"color: #FFFFFF; border-color: #6EC1E4; font-weight: 400; font-size: 20px; letter-spacing: 1px; margin: 3px 3px 3px 3px ; border-radius: 10px;-moz-border-radius: 10px;-webkit-border-radius: 10px; background-color: #6EC1E4;\">PORU\u010cI KNJIGU<span aria-hidden=\"true\" class=\"qodef-icon-linear-icons lnr lnr-book button_icon\" style=\"\" ><\/span><\/a>\t\t\t\t<\/div>\n\t\t\t\t<\/div>\n\t\t\t\t\t<\/div>\n\t\t<\/div>\n\t\t\t\t<div class=\"elementor-column elementor-col-50 elementor-top-column elementor-element elementor-element-de5b367\" data-id=\"de5b367\" data-element_type=\"column\" data-e-type=\"column\">\n\t\t\t<div class=\"elementor-widget-wrap elementor-element-populated\">\n\t\t\t\t\t\t<div class=\"elementor-element elementor-element-18f3cff elementor-widget elementor-widget-spacer\" data-id=\"18f3cff\" data-element_type=\"widget\" data-e-type=\"widget\" data-widget_type=\"spacer.default\">\n\t\t\t\t<div class=\"elementor-widget-container\">\n\t\t\t\t\t\t\t<div class=\"elementor-spacer\">\n\t\t\t<div class=\"elementor-spacer-inner\"><\/div>\n\t\t<\/div>\n\t\t\t\t\t\t<\/div>\n\t\t\t\t<\/div>\n\t\t\t\t<div class=\"elementor-element elementor-element-1ba7ba0 elementor-widget__width-initial elementor-widget elementor-widget-text-editor\" data-id=\"1ba7ba0\" data-element_type=\"widget\" data-e-type=\"widget\" data-widget_type=\"text-editor.default\">\n\t\t\t\t<div class=\"elementor-widget-container\">\n\t\t\t\t\t\t\t\t\t<p>Dugo sam, nakon svih izazova koje mi je \u017eivot donio razmi\u0161ljala o tome da li \u017eelim da budem neka heroina o kojoj \u0107e se pri\u010dati kratko vrijeme, kako se i pri\u010dalo poslije svake moje objave na dru\u0161tvenim mre\u017eama ili pak televizijske emisije, ili da budem neka nova J. koja je i objavom ove knjige otvorila prostor za mnoge teme.<\/p><p>\u00a0<\/p><p>Nisam sigurna koja od ovih opcija mi je prihvatljivija, jer nijedna nije ono \u0161to ustvari \u017eelim.<\/p><p>\u00a0<\/p><p>Kao neko tko je uvijek ustajao nakon bilo kojeg pada i nastavljao dalje jednako sna\u017eno i uporno kao i uvijek, \u017eelim da samo budem ja.<\/p><p>\u00a0<\/p><p>\u017delim da budem J. <br \/>\u017delim da budem onakva kakva sam. <br \/>Obi\u010dna, \u201enormalna\u201c, bez ikakvog idealiziranja.<\/p><p>\u00a0<\/p><p>Zato ka\u017eem:<\/p><p>\u00a0<\/p><p>Ja sam Jesenka. <br \/>\u017dena. <br \/>Mama.<\/p><p>Ja sam J. koja je napisala \u201eZna\u0161 li TI kako je te\u0161ko biti JA\u201c ne da bih ti znala ili ti znao kako je to zaista, ve\u0107 da bih ti poru\u010dila da nisi sama ili sam.<\/p><p>\u00a0<\/p><p>\u017delim ti da zna\u0161 da tamo negdje iza nekog ekrana ili pak zida sjedi i ova J. koja zna \u0161ta prolazi\u0161 i ka\u017ee da ti to mo\u017ee\u0161 jer <strong>svaki pad je znak da mo\u017ee\u0161 i mora\u0161 ustati. Jer ti to zna\u0161 i ti to mo\u017ee\u0161.<\/strong><\/p><p>\u00a0<\/p><p>Ja sam pala, pa ustala, pala, pa ustala. I tako svaki dan, ali ipak nisam stala jer vrijedi se boriti. Boriti se za sebe, tebe, njih.<\/p>\t\t\t\t\t\t\t\t<\/div>\n\t\t\t\t<\/div>\n\t\t\t\t<div class=\"elementor-element elementor-element-bef948a elementor-widget elementor-widget-spacer\" data-id=\"bef948a\" data-element_type=\"widget\" data-e-type=\"widget\" data-widget_type=\"spacer.default\">\n\t\t\t\t<div class=\"elementor-widget-container\">\n\t\t\t\t\t\t\t<div class=\"elementor-spacer\">\n\t\t\t<div class=\"elementor-spacer-inner\"><\/div>\n\t\t<\/div>\n\t\t\t\t\t\t<\/div>\n\t\t\t\t<\/div>\n\t\t\t\t\t<\/div>\n\t\t<\/div>\n\t\t\t\t\t<\/div>\n\t\t<\/section>\n\t\t\t\t<section class=\"elementor-section elementor-top-section elementor-element elementor-element-ef657cf elementor-section-boxed elementor-section-height-default elementor-section-height-default parallax_section_no qode_elementor_container_no qode-content-aligment-left\" data-id=\"ef657cf\" data-element_type=\"section\" data-e-type=\"section\">\n\t\t\t\t\t\t<div class=\"elementor-container elementor-column-gap-default\">\n\t\t\t\t\t<div class=\"elementor-column elementor-col-100 elementor-top-column elementor-element elementor-element-5ed1704\" data-id=\"5ed1704\" data-element_type=\"column\" data-e-type=\"column\">\n\t\t\t<div class=\"elementor-widget-wrap\">\n\t\t\t\t\t\t\t<\/div>\n\t\t<\/div>\n\t\t\t\t\t<\/div>\n\t\t<\/section>\n\t\t\t\t<\/div>\n\t\t","protected":false},"excerpt":{"rendered":"<p>PORU\u010cI KNJIGU Dugo sam, nakon svih izazova koje mi je \u017eivot donio razmi\u0161ljala o tome da li \u017eelim da budem neka heroina o kojoj \u0107e se pri\u010dati kratko vrijeme, kako se i pri\u010dalo poslije svake moje objave na dru\u0161tvenim mre\u017eama ili pak televizijske emisije, ili&#8230;<\/p>\n","protected":false},"author":2,"featured_media":0,"parent":0,"menu_order":0,"comment_status":"closed","ping_status":"closed","template":"full_width.php","meta":{"footnotes":""},"class_list":["post-22833","page","type-page","status-publish","hentry"],"_links":{"self":[{"href":"https:\/\/jesenkahadzajlija.com\/index.php?rest_route=\/wp\/v2\/pages\/22833","targetHints":{"allow":["GET"]}}],"collection":[{"href":"https:\/\/jesenkahadzajlija.com\/index.php?rest_route=\/wp\/v2\/pages"}],"about":[{"href":"https:\/\/jesenkahadzajlija.com\/index.php?rest_route=\/wp\/v2\/types\/page"}],"author":[{"embeddable":true,"href":"https:\/\/jesenkahadzajlija.com\/index.php?rest_route=\/wp\/v2\/users\/2"}],"replies":[{"embeddable":true,"href":"https:\/\/jesenkahadzajlija.com\/index.php?rest_route=%2Fwp%2Fv2%2Fcomments&post=22833"}],"version-history":[{"count":172,"href":"https:\/\/jesenkahadzajlija.com\/index.php?rest_route=\/wp\/v2\/pages\/22833\/revisions"}],"predecessor-version":[{"id":23150,"href":"https:\/\/jesenkahadzajlija.com\/index.php?rest_route=\/wp\/v2\/pages\/22833\/revisions\/23150"}],"wp:attachment":[{"href":"https:\/\/jesenkahadzajlija.com\/index.php?rest_route=%2Fwp%2Fv2%2Fmedia&parent=22833"}],"curies":[{"name":"wp","href":"https:\/\/api.w.org\/{rel}","templated":true}]}}